{"id":5722,"date":"2022-09-18T23:38:04","date_gmt":"2022-09-18T23:38:04","guid":{"rendered":"https:\/\/ciplaci.com\/web\/?page_id=5722"},"modified":"2022-09-23T22:01:27","modified_gmt":"2022-09-23T22:01:27","slug":"about","status":"publish","type":"page","link":"https:\/\/ciplaci.com\/web\/about\/","title":{"rendered":"Nosotros"},"content":{"rendered":"\t\t<div data-elementor-type=\"wp-page\" data-elementor-id=\"5722\" class=\"elementor elementor-5722\">\n\t\t\t\t\t\t<section class=\"elementor-section elementor-top-section elementor-element elementor-element-41d90f84 elementor-section-full_width elementor-section-height-min-height elementor-section-stretched elementor-section-height-default elementor-section-items-middle\" data-id=\"41d90f84\" data-element_type=\"section\" data-settings=\"{&quot;stretch_section&quot;:&quot;section-stretched&quot;,&quot;background_background&quot;:&quot;classic&quot;}\">\n\t\t\t\t\t\t<div class=\"elementor-container elementor-column-gap-default\">\n\t\t\t\t\t<div class=\"elementor-column elementor-col-100 elementor-top-column elementor-element elementor-element-588a4266\" data-id=\"588a4266\" data-element_type=\"column\">\n\t\t\t<div class=\"elementor-widget-wrap elementor-element-populated\">\n\t\t\t\t\t\t<div class=\"elementor-element elementor-element-7b00f107 elementor-widget elementor-widget-heading\" data-id=\"7b00f107\" data-element_type=\"widget\" data-widget_type=\"heading.default\">\n\t\t\t\t<div class=\"elementor-widget-container\">\n\t\t\t<h2 class=\"elementor-heading-title elementor-size-default\">Nuestro centro\u200b<\/h2>\t\t<\/div>\n\t\t\t\t<\/div>\n\t\t\t\t\t<\/div>\n\t\t<\/div>\n\t\t\t\t\t<\/div>\n\t\t<\/section>\n\t\t\t\t<section class=\"elementor-section elementor-top-section elementor-element elementor-element-7438a3a elementor-section-boxed elementor-section-height-default elementor-section-height-default\" data-id=\"7438a3a\" data-element_type=\"section\">\n\t\t\t\t\t\t<div class=\"elementor-container elementor-column-gap-default\">\n\t\t\t\t\t<div class=\"elementor-column elementor-col-66 elementor-top-column elementor-element elementor-element-f4570ef\" data-id=\"f4570ef\" data-element_type=\"column\">\n\t\t\t<div class=\"elementor-widget-wrap elementor-element-populated\">\n\t\t\t\t\t\t<div class=\"elementor-element elementor-element-a0fba00 elementor-widget elementor-widget-text-editor\" data-id=\"a0fba00\" data-element_type=\"widget\" data-widget_type=\"text-editor.default\">\n\t\t\t\t<div class=\"elementor-widget-container\">\n\t\t\t\t\t\t\t<p><span style=\"font-weight: 400;\">El Centro de Cirug\u00eda Pl\u00e1stica avanzada del Cibao (CIPLACI), es un Centro M\u00e9dico especializado en Cirug\u00eda Pl\u00e1stica y Reconstructiva, que cumple con los m\u00e1s altos est\u00e1ndares de seguridad y calidad en cada servicio.<\/span><\/p><p><span style=\"font-weight: 400;\">Ubicado en una exclusiva y accesible zona en la Ciudad de San Francisco de Macor\u00eds, en <\/span><span style=\"font-weight: 400;\">el Coraz\u00f3n del CIBAO, a tan solo 120 kil\u00f3metros de la Ciudad de Santo Domingo.<\/span><\/p><p><span style=\"font-weight: 400;\">CIPLACI, es el primer y \u00fanico centro Especializado y en Cirug\u00eda Pl\u00e1stica y Reconstructiva en la <\/span><span style=\"font-weight: 400;\">Regi\u00f3n del Cibao. Cuenta con amplias, modernas y confortables instalaciones. Con un equipo de Cirujanos Pl\u00e1sticos, de asistentes m\u00e9dicos y de m\u00e9dicos de otras especialidades. Contamos con un diverso personal administrativo y con un equipo en general capacitado, que permiten brindar a nuestros pacientes la verdadera fusi\u00f3n entre salud y belleza en manos confiables, una frase que nos representa.<\/span><\/p><p><span style=\"font-weight: 400;\">Contamos una magna estructura que cumple con todos los requisitos de lugar, exigidos por las instituciones reguladoras de nuestro pa\u00eds, Rep\u00fablica Dominicana.\u00a0<\/span><\/p><p><span style=\"font-weight: 400;\">Con una moderna estructura de tres niveles dentro de una extensi\u00f3n de terreno de m\u00e1s de 3000 mt2, rodeado de una org\u00e1nica \u00e1rea verde que transmite paz y una sensaci\u00f3n de frescura natural al entorno; con dos \u00e1reas de parqueos con capacidad para m\u00e1s de 50 veh\u00edculos.<\/span><\/p><p><span style=\"font-weight: 400;\">En su interior, nuestros clientes van a poder tener la accesibilidad de todo lo que necesitan en un solo lugar, para tener un procedimiento satisfactorio de principio a fin. Por esto, contamos con amplias salas de cirug\u00edas, varias salas de espera, laboratorio cl\u00ednico, rayos X, mamograf\u00eda, sala de emergencia, cafeter\u00eda, sala de reuni\u00f3n, sala de conferencias y una cantidad interesante de consultorios.<\/span><\/p><p><span style=\"font-weight: 400;\">Es importante destacar la higiene que nos caracteriza, tanto de los espacios como de todas las herramientas que utilizamos. Adem\u00e1s de que siempre nos enfocamos en estar surtidos con todos los materiales de lugar.\u00a0<\/span><\/p><p><span style=\"font-weight: 400;\">No podemos dejar de comentar sobre todo el equipamiento tecnol\u00f3gico necesario con que laboramos, acorde a la evoluci\u00f3n de los tiempos. Modernos equipos de \u00faltima generaci\u00f3n que a su vez son manejados por profesionales entrenados y capacitados para brindar a nuestros usuarios un servicio con los m\u00e1s altos est\u00e1ndares en cada uno de sus procedimientos.<\/span><\/p>\t\t\t\t\t\t<\/div>\n\t\t\t\t<\/div>\n\t\t\t\t\t<\/div>\n\t\t<\/div>\n\t\t\t\t<div class=\"elementor-column elementor-col-33 elementor-top-column elementor-element elementor-element-1d181d2\" data-id=\"1d181d2\" data-element_type=\"column\">\n\t\t\t<div class=\"elementor-widget-wrap elementor-element-populated\">\n\t\t\t\t\t\t<div class=\"elementor-element elementor-element-488d3d3 elementor-invisible elementor-widget elementor-widget-image\" data-id=\"488d3d3\" data-element_type=\"widget\" data-settings=\"{&quot;_animation&quot;:&quot;slideInRight&quot;}\" data-widget_type=\"image.default\">\n\t\t\t\t<div class=\"elementor-widget-container\">\n\t\t\t\t\t\t\t\t\t\t\t\t\t<img fetchpriority=\"high\" width=\"1024\" height=\"1024\" src=\"https:\/\/ciplaci.com\/web\/wp-content\/uploads\/2022\/09\/3-1024x1024.png\" class=\"attachment-large size-large wp-image-5689\" alt=\"\" srcset=\"https:\/\/ciplaci.com\/web\/wp-content\/uploads\/2022\/09\/3-1024x1024.png 1024w, https:\/\/ciplaci.com\/web\/wp-content\/uploads\/2022\/09\/3-300x300.png 300w, https:\/\/ciplaci.com\/web\/wp-content\/uploads\/2022\/09\/3-150x150.png 150w, https:\/\/ciplaci.com\/web\/wp-content\/uploads\/2022\/09\/3-768x768.png 768w, https:\/\/ciplaci.com\/web\/wp-content\/uploads\/2022\/09\/3-230x230.png 230w, https:\/\/ciplaci.com\/web\/wp-content\/uploads\/2022\/09\/3-70x70.png 70w, https:\/\/ciplaci.com\/web\/wp-content\/uploads\/2022\/09\/3-315x315.png 315w, https:\/\/ciplaci.com\/web\/wp-content\/uploads\/2022\/09\/3.png 1500w\" sizes=\"(max-width: 1024px) 100vw, 1024px\" \/>\t\t\t\t\t\t\t\t\t\t\t\t\t<\/div>\n\t\t\t\t<\/div>\n\t\t\t\t<div class=\"elementor-element elementor-element-9cde151 elementor-invisible elementor-widget elementor-widget-image\" data-id=\"9cde151\" data-element_type=\"widget\" data-settings=\"{&quot;_animation&quot;:&quot;fadeInUp&quot;}\" data-widget_type=\"image.default\">\n\t\t\t\t<div class=\"elementor-widget-container\">\n\t\t\t\t\t\t\t\t\t\t\t\t\t<img width=\"1024\" height=\"1024\" src=\"https:\/\/ciplaci.com\/web\/wp-content\/uploads\/2022\/09\/1-1024x1024.png\" class=\"attachment-large size-large wp-image-5690\" alt=\"\" srcset=\"https:\/\/ciplaci.com\/web\/wp-content\/uploads\/2022\/09\/1-1024x1024.png 1024w, https:\/\/ciplaci.com\/web\/wp-content\/uploads\/2022\/09\/1-300x300.png 300w, https:\/\/ciplaci.com\/web\/wp-content\/uploads\/2022\/09\/1-150x150.png 150w, https:\/\/ciplaci.com\/web\/wp-content\/uploads\/2022\/09\/1-768x768.png 768w, https:\/\/ciplaci.com\/web\/wp-content\/uploads\/2022\/09\/1-230x230.png 230w, https:\/\/ciplaci.com\/web\/wp-content\/uploads\/2022\/09\/1-70x70.png 70w, https:\/\/ciplaci.com\/web\/wp-content\/uploads\/2022\/09\/1-315x315.png 315w, https:\/\/ciplaci.com\/web\/wp-content\/uploads\/2022\/09\/1.png 1500w\" sizes=\"(max-width: 1024px) 100vw, 1024px\" \/>\t\t\t\t\t\t\t\t\t\t\t\t\t<\/div>\n\t\t\t\t<\/div>\n\t\t\t\t\t<\/div>\n\t\t<\/div>\n\t\t\t\t\t<\/div>\n\t\t<\/section>\n\t\t\t\t<section class=\"elementor-section elementor-top-section elementor-element elementor-element-fb836d2 elementor-section-boxed elementor-section-height-default elementor-section-height-default\" data-id=\"fb836d2\" data-element_type=\"section\">\n\t\t\t\t\t\t<div class=\"elementor-container elementor-column-gap-default\">\n\t\t\t\t\t<div class=\"elementor-column elementor-col-100 elementor-top-column elementor-element elementor-element-61e91ef\" data-id=\"61e91ef\" data-element_type=\"column\">\n\t\t\t<div class=\"elementor-widget-wrap elementor-element-populated\">\n\t\t\t\t\t\t<div class=\"elementor-element elementor-element-00095d6 elementor-widget elementor-widget-video\" data-id=\"00095d6\" data-element_type=\"widget\" data-settings=\"{&quot;video_type&quot;:&quot;hosted&quot;,&quot;controls&quot;:&quot;yes&quot;}\" data-widget_type=\"video.default\">\n\t\t\t\t<div class=\"elementor-widget-container\">\n\t\t\t\t\t<div class=\"e-hosted-video elementor-wrapper elementor-open-inline\">\n\t\t\t\t\t<video class=\"elementor-video\" src=\"https:\/\/ciplaci.com\/web\/wp-content\/uploads\/2022\/09\/ESPACIOS.m4v\" controls=\"\" preload=\"metadata\" controlsList=\"nodownload\"><\/video>\n\t\t\t\t<\/div>\n\t\t\t\t<\/div>\n\t\t\t\t<\/div>\n\t\t\t\t\t<\/div>\n\t\t<\/div>\n\t\t\t\t\t<\/div>\n\t\t<\/section>\n\t\t\t\t<\/div>\n\t\t","protected":false},"excerpt":{"rendered":"<p>Nuestro centro\u200b El Centro de Cirug\u00eda Pl\u00e1stica avanzada del Cibao (CIPLACI), es un Centro M\u00e9dico especializado en Cirug\u00eda Pl\u00e1stica y Reconstructiva, que cumple con los m\u00e1s altos est\u00e1ndares de seguridad y calidad en cada servicio. Ubicado en una exclusiva y accesible zona en la Ciudad de San Francisco de Macor\u00eds, en el Coraz\u00f3n del CIBAO,&#8230;<\/p>\n","protected":false},"author":1,"featured_media":0,"parent":0,"menu_order":0,"comment_status":"closed","ping_status":"closed","template":"elementor_header_footer","meta":[],"_links":{"self":[{"href":"https:\/\/ciplaci.com\/web\/wp-json\/wp\/v2\/pages\/5722"}],"collection":[{"href":"https:\/\/ciplaci.com\/web\/wp-json\/wp\/v2\/pages"}],"about":[{"href":"https:\/\/ciplaci.com\/web\/wp-json\/wp\/v2\/types\/page"}],"author":[{"embeddable":true,"href":"https:\/\/ciplaci.com\/web\/wp-json\/wp\/v2\/users\/1"}],"replies":[{"embeddable":true,"href":"https:\/\/ciplaci.com\/web\/wp-json\/wp\/v2\/comments?post=5722"}],"version-history":[{"count":0,"href":"https:\/\/ciplaci.com\/web\/wp-json\/wp\/v2\/pages\/5722\/revisions"}],"wp:attachment":[{"href":"https:\/\/ciplaci.com\/web\/wp-json\/wp\/v2\/media?parent=5722"}],"curies":[{"name":"wp","href":"https:\/\/api.w.org\/{rel}","templated":true}]}}