{"id":5825,"date":"2022-09-23T07:38:34","date_gmt":"2022-09-23T07:38:34","guid":{"rendered":"https:\/\/ciplaci.com\/web\/?page_id=5825"},"modified":"2022-09-26T19:28:59","modified_gmt":"2022-09-26T19:28:59","slug":"dr-manuel-e-ventura","status":"publish","type":"page","link":"https:\/\/ciplaci.com\/web\/dr-manuel-e-ventura\/","title":{"rendered":"Dr. Manuel E. Ventura"},"content":{"rendered":"\t\t<div data-elementor-type=\"wp-page\" data-elementor-id=\"5825\" class=\"elementor elementor-5825\">\n\t\t\t\t\t\t<section class=\"elementor-section elementor-top-section elementor-element elementor-element-eef7125 elementor-section-full_width elementor-section-height-min-height elementor-section-stretched elementor-section-height-default elementor-section-items-middle\" data-id=\"eef7125\" data-element_type=\"section\" data-settings=\"{&quot;stretch_section&quot;:&quot;section-stretched&quot;,&quot;background_background&quot;:&quot;classic&quot;}\">\n\t\t\t\t\t\t<div class=\"elementor-container elementor-column-gap-default\">\n\t\t\t\t\t<div class=\"elementor-column elementor-col-100 elementor-top-column elementor-element elementor-element-39495008\" data-id=\"39495008\" data-element_type=\"column\">\n\t\t\t<div class=\"elementor-widget-wrap elementor-element-populated\">\n\t\t\t\t\t\t<div class=\"elementor-element elementor-element-57591233 elementor-widget elementor-widget-heading\" data-id=\"57591233\" data-element_type=\"widget\" data-widget_type=\"heading.default\">\n\t\t\t\t<div class=\"elementor-widget-container\">\n\t\t\t<h2 class=\"elementor-heading-title elementor-size-default\">Especialista<\/h2>\t\t<\/div>\n\t\t\t\t<\/div>\n\t\t\t\t\t<\/div>\n\t\t<\/div>\n\t\t\t\t\t<\/div>\n\t\t<\/section>\n\t\t\t\t<section class=\"elementor-section elementor-top-section elementor-element elementor-element-c363dfb elementor-section-boxed elementor-section-height-default elementor-section-height-default\" data-id=\"c363dfb\" data-element_type=\"section\">\n\t\t\t\t\t\t<div class=\"elementor-container elementor-column-gap-default\">\n\t\t\t\t\t<div class=\"elementor-column elementor-col-50 elementor-top-column elementor-element elementor-element-13e6141\" data-id=\"13e6141\" data-element_type=\"column\">\n\t\t\t<div class=\"elementor-widget-wrap elementor-element-populated\">\n\t\t\t\t\t\t<div class=\"elementor-element elementor-element-1bbee8c elementor-invisible elementor-widget elementor-widget-image\" data-id=\"1bbee8c\" data-element_type=\"widget\" data-settings=\"{&quot;_animation&quot;:&quot;fadeInLeft&quot;}\" data-widget_type=\"image.default\">\n\t\t\t\t<div class=\"elementor-widget-container\">\n\t\t\t\t\t\t\t\t\t\t\t\t\t<img fetchpriority=\"high\" width=\"300\" height=\"300\" src=\"https:\/\/ciplaci.com\/web\/wp-content\/uploads\/2019\/03\/Manuel-E.-Ventura-300x300.png\" class=\"attachment-medium size-medium wp-image-5801\" alt=\"\" srcset=\"https:\/\/ciplaci.com\/web\/wp-content\/uploads\/2019\/03\/Manuel-E.-Ventura-300x300.png 300w, https:\/\/ciplaci.com\/web\/wp-content\/uploads\/2019\/03\/Manuel-E.-Ventura-150x150.png 150w, https:\/\/ciplaci.com\/web\/wp-content\/uploads\/2019\/03\/Manuel-E.-Ventura-230x230.png 230w, https:\/\/ciplaci.com\/web\/wp-content\/uploads\/2019\/03\/Manuel-E.-Ventura-70x70.png 70w, https:\/\/ciplaci.com\/web\/wp-content\/uploads\/2019\/03\/Manuel-E.-Ventura-315x315.png 315w, https:\/\/ciplaci.com\/web\/wp-content\/uploads\/2019\/03\/Manuel-E.-Ventura.png 600w\" sizes=\"(max-width: 300px) 100vw, 300px\" \/>\t\t\t\t\t\t\t\t\t\t\t\t\t<\/div>\n\t\t\t\t<\/div>\n\t\t\t\t<div class=\"elementor-element elementor-element-01d71d4 elementor-widget elementor-widget-heading\" data-id=\"01d71d4\" data-element_type=\"widget\" data-widget_type=\"heading.default\">\n\t\t\t\t<div class=\"elementor-widget-container\">\n\t\t\t<h2 class=\"elementor-heading-title elementor-size-default\">Dr. Manuel E. Ventura<\/h2>\t\t<\/div>\n\t\t\t\t<\/div>\n\t\t\t\t<div class=\"elementor-element elementor-element-9a81d06 elementor-widget elementor-widget-text-editor\" data-id=\"9a81d06\" data-element_type=\"widget\" data-widget_type=\"text-editor.default\">\n\t\t\t\t<div class=\"elementor-widget-container\">\n\t\t\t\t\t\t\t<p><span style=\"color: #000000;\">Especialista en Cirug\u00eda Pl\u00e1stica y Reconstructiva.<\/span><\/p>\t\t\t\t\t\t<\/div>\n\t\t\t\t<\/div>\n\t\t\t\t\t<\/div>\n\t\t<\/div>\n\t\t\t\t<div class=\"elementor-column elementor-col-50 elementor-top-column elementor-element elementor-element-d72d99e\" data-id=\"d72d99e\" data-element_type=\"column\">\n\t\t\t<div class=\"elementor-widget-wrap elementor-element-populated\">\n\t\t\t\t\t\t<div class=\"elementor-element elementor-element-2881b72 elementor-widget elementor-widget-text-editor\" data-id=\"2881b72\" data-element_type=\"widget\" data-widget_type=\"text-editor.default\">\n\t\t\t\t<div class=\"elementor-widget-container\">\n\t\t\t\t\t\t\t<p><span style=\"color: #000000;\">Es egresado del Instituto de Investigaci\u00f3n M\u00e9dica Dr. Pablo Mateo, S\u00e3o Paulo Brasil (Meca de la cirug\u00eda pl\u00e1stica y reconstructiva a nivel mundial) all\u00ed realiz\u00f3 sus estudios en cirug\u00eda pl\u00e1stica y reconstructiva. <\/span><\/p><p><span style=\"color: #000000;\">Su cirug\u00eda es innovadora, empleando las \u00faltimas t\u00e9cnicas en mejoras de los servicios quir\u00fargicos en el cuidado de los pacientes. El doctor cuenta con m\u00e1s de 38 a\u00f1os de experiencia como cirujano.<\/span><\/p>\t\t\t\t\t\t<\/div>\n\t\t\t\t<\/div>\n\t\t\t\t<div class=\"elementor-element elementor-element-26d9592 elementor-widget elementor-widget-video\" data-id=\"26d9592\" data-element_type=\"widget\" data-settings=\"{&quot;video_type&quot;:&quot;hosted&quot;,&quot;controls&quot;:&quot;yes&quot;}\" data-widget_type=\"video.default\">\n\t\t\t\t<div class=\"elementor-widget-container\">\n\t\t\t\t\t<div class=\"e-hosted-video elementor-wrapper elementor-open-inline\">\n\t\t\t\t\t<video class=\"elementor-video\" src=\"https:\/\/ciplaci.com\/web\/wp-content\/uploads\/2019\/03\/Dr.-Manuel-Ventura.m4v\" controls=\"\" preload=\"metadata\" controlsList=\"nodownload\" poster=\"https:\/\/ciplaci.com\/web\/wp-content\/uploads\/2022\/09\/Dr-Manuel-Ventura-m4v-image.jpg\"><\/video>\n\t\t\t\t<\/div>\n\t\t\t\t<\/div>\n\t\t\t\t<\/div>\n\t\t\t\t\t<\/div>\n\t\t<\/div>\n\t\t\t\t\t<\/div>\n\t\t<\/section>\n\t\t\t\t<\/div>\n\t\t","protected":false},"excerpt":{"rendered":"<p>Especialista Dr. Manuel E. Ventura Especialista en Cirug\u00eda Pl\u00e1stica y Reconstructiva. Es egresado del Instituto de Investigaci\u00f3n M\u00e9dica Dr. Pablo Mateo, S\u00e3o Paulo Brasil (Meca de la cirug\u00eda pl\u00e1stica y reconstructiva a nivel mundial) all\u00ed realiz\u00f3 sus estudios en cirug\u00eda pl\u00e1stica y reconstructiva. Su cirug\u00eda es innovadora, empleando las \u00faltimas t\u00e9cnicas en mejoras de los&#8230;<\/p>\n","protected":false},"author":1,"featured_media":0,"parent":0,"menu_order":0,"comment_status":"closed","ping_status":"closed","template":"elementor_header_footer","meta":[],"_links":{"self":[{"href":"https:\/\/ciplaci.com\/web\/wp-json\/wp\/v2\/pages\/5825"}],"collection":[{"href":"https:\/\/ciplaci.com\/web\/wp-json\/wp\/v2\/pages"}],"about":[{"href":"https:\/\/ciplaci.com\/web\/wp-json\/wp\/v2\/types\/page"}],"author":[{"embeddable":true,"href":"https:\/\/ciplaci.com\/web\/wp-json\/wp\/v2\/users\/1"}],"replies":[{"embeddable":true,"href":"https:\/\/ciplaci.com\/web\/wp-json\/wp\/v2\/comments?post=5825"}],"version-history":[{"count":4,"href":"https:\/\/ciplaci.com\/web\/wp-json\/wp\/v2\/pages\/5825\/revisions"}],"predecessor-version":[{"id":6039,"href":"https:\/\/ciplaci.com\/web\/wp-json\/wp\/v2\/pages\/5825\/revisions\/6039"}],"wp:attachment":[{"href":"https:\/\/ciplaci.com\/web\/wp-json\/wp\/v2\/media?parent=5825"}],"curies":[{"name":"wp","href":"https:\/\/api.w.org\/{rel}","templated":true}]}}