{"id":5835,"date":"2022-09-23T07:47:08","date_gmt":"2022-09-23T07:47:08","guid":{"rendered":"https:\/\/ciplaci.com\/web\/?page_id=5835"},"modified":"2022-09-26T19:30:35","modified_gmt":"2022-09-26T19:30:35","slug":"dr-abraham-polanco-safadit","status":"publish","type":"page","link":"https:\/\/ciplaci.com\/web\/dr-abraham-polanco-safadit\/","title":{"rendered":"Dr. Abraham Polanco Safadit"},"content":{"rendered":"\t\t<div data-elementor-type=\"wp-page\" data-elementor-id=\"5835\" class=\"elementor elementor-5835\">\n\t\t\t\t\t\t<section class=\"elementor-section elementor-top-section elementor-element elementor-element-3b10b1d6 elementor-section-full_width elementor-section-height-min-height elementor-section-stretched elementor-section-height-default elementor-section-items-middle\" data-id=\"3b10b1d6\" data-element_type=\"section\" data-settings=\"{&quot;stretch_section&quot;:&quot;section-stretched&quot;,&quot;background_background&quot;:&quot;classic&quot;}\">\n\t\t\t\t\t\t<div class=\"elementor-container elementor-column-gap-default\">\n\t\t\t\t\t<div class=\"elementor-column elementor-col-100 elementor-top-column elementor-element elementor-element-49789bb4\" data-id=\"49789bb4\" data-element_type=\"column\">\n\t\t\t<div class=\"elementor-widget-wrap elementor-element-populated\">\n\t\t\t\t\t\t<div class=\"elementor-element elementor-element-1a8d8663 elementor-widget elementor-widget-heading\" data-id=\"1a8d8663\" data-element_type=\"widget\" data-widget_type=\"heading.default\">\n\t\t\t\t<div class=\"elementor-widget-container\">\n\t\t\t<h2 class=\"elementor-heading-title elementor-size-default\">Especialista<\/h2>\t\t<\/div>\n\t\t\t\t<\/div>\n\t\t\t\t\t<\/div>\n\t\t<\/div>\n\t\t\t\t\t<\/div>\n\t\t<\/section>\n\t\t\t\t<section class=\"elementor-section elementor-top-section elementor-element elementor-element-7692a5e elementor-section-boxed elementor-section-height-default elementor-section-height-default\" data-id=\"7692a5e\" data-element_type=\"section\">\n\t\t\t\t\t\t<div class=\"elementor-container elementor-column-gap-default\">\n\t\t\t\t\t<div class=\"elementor-column elementor-col-50 elementor-top-column elementor-element elementor-element-b40376f\" data-id=\"b40376f\" data-element_type=\"column\">\n\t\t\t<div class=\"elementor-widget-wrap elementor-element-populated\">\n\t\t\t\t\t\t<div class=\"elementor-element elementor-element-9ca9c20 elementor-widget elementor-widget-image\" data-id=\"9ca9c20\" data-element_type=\"widget\" data-widget_type=\"image.default\">\n\t\t\t\t<div class=\"elementor-widget-container\">\n\t\t\t\t\t\t\t\t\t\t\t\t\t<img fetchpriority=\"high\" width=\"300\" height=\"300\" src=\"https:\/\/ciplaci.com\/web\/wp-content\/uploads\/2019\/03\/Abraham-Polanc-300x300.png\" class=\"attachment-medium size-medium wp-image-5810\" alt=\"\" srcset=\"https:\/\/ciplaci.com\/web\/wp-content\/uploads\/2019\/03\/Abraham-Polanc-300x300.png 300w, https:\/\/ciplaci.com\/web\/wp-content\/uploads\/2019\/03\/Abraham-Polanc-150x150.png 150w, https:\/\/ciplaci.com\/web\/wp-content\/uploads\/2019\/03\/Abraham-Polanc-230x230.png 230w, https:\/\/ciplaci.com\/web\/wp-content\/uploads\/2019\/03\/Abraham-Polanc-70x70.png 70w, https:\/\/ciplaci.com\/web\/wp-content\/uploads\/2019\/03\/Abraham-Polanc-315x315.png 315w, https:\/\/ciplaci.com\/web\/wp-content\/uploads\/2019\/03\/Abraham-Polanc.png 600w\" sizes=\"(max-width: 300px) 100vw, 300px\" \/>\t\t\t\t\t\t\t\t\t\t\t\t\t<\/div>\n\t\t\t\t<\/div>\n\t\t\t\t<div class=\"elementor-element elementor-element-5efc6e5 elementor-widget elementor-widget-heading\" data-id=\"5efc6e5\" data-element_type=\"widget\" data-widget_type=\"heading.default\">\n\t\t\t\t<div class=\"elementor-widget-container\">\n\t\t\t<h2 class=\"elementor-heading-title elementor-size-default\">Dr. Abraham Polanco Safadit<\/h2>\t\t<\/div>\n\t\t\t\t<\/div>\n\t\t\t\t<div class=\"elementor-element elementor-element-9b8bbc7 elementor-widget elementor-widget-text-editor\" data-id=\"9b8bbc7\" data-element_type=\"widget\" data-widget_type=\"text-editor.default\">\n\t\t\t\t<div class=\"elementor-widget-container\">\n\t\t\t\t\t\t\t<p style=\"text-align: center;\"><span style=\"color: #000000;\"><strong>Cirujano Pl\u00e1stico<\/strong><\/span><\/p>\t\t\t\t\t\t<\/div>\n\t\t\t\t<\/div>\n\t\t\t\t\t<\/div>\n\t\t<\/div>\n\t\t\t\t<div class=\"elementor-column elementor-col-50 elementor-top-column elementor-element elementor-element-cd0cc0e\" data-id=\"cd0cc0e\" data-element_type=\"column\">\n\t\t\t<div class=\"elementor-widget-wrap elementor-element-populated\">\n\t\t\t\t\t\t<div class=\"elementor-element elementor-element-5bad76e elementor-widget elementor-widget-text-editor\" data-id=\"5bad76e\" data-element_type=\"widget\" data-widget_type=\"text-editor.default\">\n\t\t\t\t<div class=\"elementor-widget-container\">\n\t\t\t\t\t\t\t<p><span style=\"color: #000000;\">Cirujano Pl\u00e1stico certificado por la Sociedad Dominicana de Cirug\u00eda Pl\u00e1stica, Reconstructiva y Est\u00e9tica SODOCIPRE, as\u00ed como por otras entidades internacionales.<\/span><\/p>\t\t\t\t\t\t<\/div>\n\t\t\t\t<\/div>\n\t\t\t\t<div class=\"elementor-element elementor-element-cff0dc1 elementor-widget elementor-widget-video\" data-id=\"cff0dc1\" data-element_type=\"widget\" data-settings=\"{&quot;video_type&quot;:&quot;hosted&quot;,&quot;controls&quot;:&quot;yes&quot;}\" data-widget_type=\"video.default\">\n\t\t\t\t<div class=\"elementor-widget-container\">\n\t\t\t\t\t<div class=\"e-hosted-video elementor-wrapper elementor-open-inline\">\n\t\t\t\t\t<video class=\"elementor-video\" src=\"https:\/\/ciplaci.com\/web\/wp-content\/uploads\/2019\/03\/Dr.-Abraham-Polanco-Safadit.m4v\" controls=\"\" preload=\"metadata\" controlsList=\"nodownload\"><\/video>\n\t\t\t\t<\/div>\n\t\t\t\t<\/div>\n\t\t\t\t<\/div>\n\t\t\t\t\t<\/div>\n\t\t<\/div>\n\t\t\t\t\t<\/div>\n\t\t<\/section>\n\t\t\t\t<\/div>\n\t\t","protected":false},"excerpt":{"rendered":"<p>Especialista Dr. Abraham Polanco Safadit Cirujano Pl\u00e1stico Cirujano Pl\u00e1stico certificado por la Sociedad Dominicana de Cirug\u00eda Pl\u00e1stica, Reconstructiva y Est\u00e9tica SODOCIPRE, as\u00ed como por otras entidades internacionales. https:\/\/ciplaci.com\/web\/wp-content\/uploads\/2019\/03\/Dr.-Abraham-Polanco-Safadit.m4v<\/p>\n","protected":false},"author":1,"featured_media":0,"parent":0,"menu_order":0,"comment_status":"closed","ping_status":"closed","template":"elementor_header_footer","meta":[],"_links":{"self":[{"href":"https:\/\/ciplaci.com\/web\/wp-json\/wp\/v2\/pages\/5835"}],"collection":[{"href":"https:\/\/ciplaci.com\/web\/wp-json\/wp\/v2\/pages"}],"about":[{"href":"https:\/\/ciplaci.com\/web\/wp-json\/wp\/v2\/types\/page"}],"author":[{"embeddable":true,"href":"https:\/\/ciplaci.com\/web\/wp-json\/wp\/v2\/users\/1"}],"replies":[{"embeddable":true,"href":"https:\/\/ciplaci.com\/web\/wp-json\/wp\/v2\/comments?post=5835"}],"version-history":[{"count":5,"href":"https:\/\/ciplaci.com\/web\/wp-json\/wp\/v2\/pages\/5835\/revisions"}],"predecessor-version":[{"id":6045,"href":"https:\/\/ciplaci.com\/web\/wp-json\/wp\/v2\/pages\/5835\/revisions\/6045"}],"wp:attachment":[{"href":"https:\/\/ciplaci.com\/web\/wp-json\/wp\/v2\/media?parent=5835"}],"curies":[{"name":"wp","href":"https:\/\/api.w.org\/{rel}","templated":true}]}}