{"id":5840,"date":"2022-09-23T07:50:42","date_gmt":"2022-09-23T07:50:42","guid":{"rendered":"https:\/\/ciplaci.com\/web\/?page_id=5840"},"modified":"2022-09-26T19:32:03","modified_gmt":"2022-09-26T19:32:03","slug":"dr-geri-sosa","status":"publish","type":"page","link":"https:\/\/ciplaci.com\/web\/dr-geri-sosa\/","title":{"rendered":"Dr. Geri Sosa"},"content":{"rendered":"\t\t<div data-elementor-type=\"wp-page\" data-elementor-id=\"5840\" class=\"elementor elementor-5840\">\n\t\t\t\t\t\t<section class=\"elementor-section elementor-top-section elementor-element elementor-element-371a3325 elementor-section-full_width elementor-section-height-min-height elementor-section-stretched elementor-section-height-default elementor-section-items-middle\" data-id=\"371a3325\" data-element_type=\"section\" data-settings=\"{&quot;stretch_section&quot;:&quot;section-stretched&quot;,&quot;background_background&quot;:&quot;classic&quot;}\">\n\t\t\t\t\t\t<div class=\"elementor-container elementor-column-gap-default\">\n\t\t\t\t\t<div class=\"elementor-column elementor-col-100 elementor-top-column elementor-element elementor-element-164c0996\" data-id=\"164c0996\" data-element_type=\"column\">\n\t\t\t<div class=\"elementor-widget-wrap elementor-element-populated\">\n\t\t\t\t\t\t<div class=\"elementor-element elementor-element-5d375000 elementor-widget elementor-widget-heading\" data-id=\"5d375000\" data-element_type=\"widget\" data-widget_type=\"heading.default\">\n\t\t\t\t<div class=\"elementor-widget-container\">\n\t\t\t<h2 class=\"elementor-heading-title elementor-size-default\">Especialista<\/h2>\t\t<\/div>\n\t\t\t\t<\/div>\n\t\t\t\t\t<\/div>\n\t\t<\/div>\n\t\t\t\t\t<\/div>\n\t\t<\/section>\n\t\t\t\t<section class=\"elementor-section elementor-top-section elementor-element elementor-element-7731c89 elementor-section-boxed elementor-section-height-default elementor-section-height-default\" data-id=\"7731c89\" data-element_type=\"section\">\n\t\t\t\t\t\t<div class=\"elementor-container elementor-column-gap-default\">\n\t\t\t\t\t<div class=\"elementor-column elementor-col-50 elementor-top-column elementor-element elementor-element-8944cac\" data-id=\"8944cac\" data-element_type=\"column\">\n\t\t\t<div class=\"elementor-widget-wrap elementor-element-populated\">\n\t\t\t\t\t\t<div class=\"elementor-element elementor-element-aaabd2d elementor-widget elementor-widget-image\" data-id=\"aaabd2d\" data-element_type=\"widget\" data-widget_type=\"image.default\">\n\t\t\t\t<div class=\"elementor-widget-container\">\n\t\t\t\t\t\t\t\t\t\t\t\t\t<img fetchpriority=\"high\" width=\"300\" height=\"300\" src=\"https:\/\/ciplaci.com\/web\/wp-content\/uploads\/2019\/02\/geri-300x300.png\" class=\"attachment-medium size-medium wp-image-5815\" alt=\"\" srcset=\"https:\/\/ciplaci.com\/web\/wp-content\/uploads\/2019\/02\/geri-300x300.png 300w, https:\/\/ciplaci.com\/web\/wp-content\/uploads\/2019\/02\/geri-150x150.png 150w, https:\/\/ciplaci.com\/web\/wp-content\/uploads\/2019\/02\/geri-230x230.png 230w, https:\/\/ciplaci.com\/web\/wp-content\/uploads\/2019\/02\/geri-70x70.png 70w, https:\/\/ciplaci.com\/web\/wp-content\/uploads\/2019\/02\/geri-315x315.png 315w, https:\/\/ciplaci.com\/web\/wp-content\/uploads\/2019\/02\/geri.png 600w\" sizes=\"(max-width: 300px) 100vw, 300px\" \/>\t\t\t\t\t\t\t\t\t\t\t\t\t<\/div>\n\t\t\t\t<\/div>\n\t\t\t\t<div class=\"elementor-element elementor-element-f04a503 elementor-widget elementor-widget-heading\" data-id=\"f04a503\" data-element_type=\"widget\" data-widget_type=\"heading.default\">\n\t\t\t\t<div class=\"elementor-widget-container\">\n\t\t\t<h2 class=\"elementor-heading-title elementor-size-default\">Dr. Geri Sosa<\/h2>\t\t<\/div>\n\t\t\t\t<\/div>\n\t\t\t\t<div class=\"elementor-element elementor-element-6d39361 elementor-widget elementor-widget-text-editor\" data-id=\"6d39361\" data-element_type=\"widget\" data-widget_type=\"text-editor.default\">\n\t\t\t\t<div class=\"elementor-widget-container\">\n\t\t\t\t\t\t\t<p style=\"text-align: center;\"><span style=\"color: #000000;\">Cirujano Pl\u00e1stico<\/span><\/p>\t\t\t\t\t\t<\/div>\n\t\t\t\t<\/div>\n\t\t\t\t\t<\/div>\n\t\t<\/div>\n\t\t\t\t<div class=\"elementor-column elementor-col-50 elementor-top-column elementor-element elementor-element-7ff4d65\" data-id=\"7ff4d65\" data-element_type=\"column\">\n\t\t\t<div class=\"elementor-widget-wrap elementor-element-populated\">\n\t\t\t\t\t\t<div class=\"elementor-element elementor-element-d559961 elementor-widget elementor-widget-text-editor\" data-id=\"d559961\" data-element_type=\"widget\" data-widget_type=\"text-editor.default\">\n\t\t\t\t<div class=\"elementor-widget-container\">\n\t\t\t\t\t\t\t<p><span style=\"color: #000000;\"><span style=\"font-weight: 400;\">Tiene m\u00e1s de 15 a\u00f1os de experiencia. Egresado como Cirujano Pl\u00e1stico del Instituto de Cirug\u00eda Pl\u00e1stica y Reconstructiva, Dr. Jos\u00e9 Guerrero Santos, Guadalajara, Jalisco, M\u00e9xico 2004-2007; galardonada como una de las mejores escuelas de Cirug\u00eda Pl\u00e1stica y Reconstructiva del mundo. En el mismo instituto realizo una subespecialidad en Cirug\u00edas Faciales.<\/span><span style=\"font-weight: 400;\"><br \/><\/span><span style=\"font-weight: 400;\"><br \/><\/span><span style=\"font-weight: 400;\">Actualmente es Presidente del Consejo M\u00e9dico de nuestra cl\u00ednica CIPLACI.<\/span> <span style=\"font-weight: 400;\">Tambi\u00e9n es:<\/span><span style=\"font-weight: 400;\"><br \/><\/span><span style=\"font-weight: 400;\">Miembro de la Sociedad Dominicana de Cirug\u00eda Pl\u00e1stica Reconstructiva y Est\u00e9tica (SODOCIPRE)<\/span><span style=\"font-weight: 400;\">. <\/span><span style=\"font-weight: 400;\">Miembro de la Sociedad Mexicana de Cirug\u00eda Pl\u00e1stica y Reconstructiva<\/span><span style=\"font-weight: 400;\">. <\/span><span style=\"font-weight: 400;\">Miembro del Colegio Dominicano de Cirujanos<\/span><span style=\"font-weight: 400;\">. <\/span><span style=\"font-weight: 400;\">Miembro del Colegio M\u00e9dico Dominicano.<\/span><\/span><\/p>\t\t\t\t\t\t<\/div>\n\t\t\t\t<\/div>\n\t\t\t\t\t<\/div>\n\t\t<\/div>\n\t\t\t\t\t<\/div>\n\t\t<\/section>\n\t\t\t\t<\/div>\n\t\t","protected":false},"excerpt":{"rendered":"<p>Especialista Dr. Geri Sosa Cirujano Pl\u00e1stico Tiene m\u00e1s de 15 a\u00f1os de experiencia. Egresado como Cirujano Pl\u00e1stico del Instituto de Cirug\u00eda Pl\u00e1stica y Reconstructiva, Dr. Jos\u00e9 Guerrero Santos, Guadalajara, Jalisco, M\u00e9xico 2004-2007; galardonada como una de las mejores escuelas de Cirug\u00eda Pl\u00e1stica y Reconstructiva del mundo. En el mismo instituto realizo una subespecialidad en Cirug\u00edas&#8230;<\/p>\n","protected":false},"author":1,"featured_media":0,"parent":0,"menu_order":0,"comment_status":"closed","ping_status":"closed","template":"elementor_header_footer","meta":[],"_links":{"self":[{"href":"https:\/\/ciplaci.com\/web\/wp-json\/wp\/v2\/pages\/5840"}],"collection":[{"href":"https:\/\/ciplaci.com\/web\/wp-json\/wp\/v2\/pages"}],"about":[{"href":"https:\/\/ciplaci.com\/web\/wp-json\/wp\/v2\/types\/page"}],"author":[{"embeddable":true,"href":"https:\/\/ciplaci.com\/web\/wp-json\/wp\/v2\/users\/1"}],"replies":[{"embeddable":true,"href":"https:\/\/ciplaci.com\/web\/wp-json\/wp\/v2\/comments?post=5840"}],"version-history":[{"count":4,"href":"https:\/\/ciplaci.com\/web\/wp-json\/wp\/v2\/pages\/5840\/revisions"}],"predecessor-version":[{"id":6050,"href":"https:\/\/ciplaci.com\/web\/wp-json\/wp\/v2\/pages\/5840\/revisions\/6050"}],"wp:attachment":[{"href":"https:\/\/ciplaci.com\/web\/wp-json\/wp\/v2\/media?parent=5840"}],"curies":[{"name":"wp","href":"https:\/\/api.w.org\/{rel}","templated":true}]}}