{"id":5849,"date":"2022-09-23T08:04:08","date_gmt":"2022-09-23T08:04:08","guid":{"rendered":"https:\/\/ciplaci.com\/web\/?page_id=5849"},"modified":"2022-09-26T19:34:08","modified_gmt":"2022-09-26T19:34:08","slug":"dr-nelson-rosario","status":"publish","type":"page","link":"https:\/\/ciplaci.com\/web\/dr-nelson-rosario\/","title":{"rendered":"Dr. Nelson Rosario"},"content":{"rendered":"\t\t<div data-elementor-type=\"wp-page\" data-elementor-id=\"5849\" class=\"elementor elementor-5849\">\n\t\t\t\t\t\t<section class=\"elementor-section elementor-top-section elementor-element elementor-element-f72114d elementor-section-full_width elementor-section-height-min-height elementor-section-stretched elementor-section-height-default elementor-section-items-middle\" data-id=\"f72114d\" data-element_type=\"section\" data-settings=\"{&quot;stretch_section&quot;:&quot;section-stretched&quot;,&quot;background_background&quot;:&quot;classic&quot;}\">\n\t\t\t\t\t\t<div class=\"elementor-container elementor-column-gap-default\">\n\t\t\t\t\t<div class=\"elementor-column elementor-col-100 elementor-top-column elementor-element elementor-element-499c6042\" data-id=\"499c6042\" data-element_type=\"column\">\n\t\t\t<div class=\"elementor-widget-wrap elementor-element-populated\">\n\t\t\t\t\t\t<div class=\"elementor-element elementor-element-537dea10 elementor-widget elementor-widget-heading\" data-id=\"537dea10\" data-element_type=\"widget\" data-widget_type=\"heading.default\">\n\t\t\t\t<div class=\"elementor-widget-container\">\n\t\t\t<h2 class=\"elementor-heading-title elementor-size-default\">Especialista<\/h2>\t\t<\/div>\n\t\t\t\t<\/div>\n\t\t\t\t\t<\/div>\n\t\t<\/div>\n\t\t\t\t\t<\/div>\n\t\t<\/section>\n\t\t\t\t<section class=\"elementor-section elementor-top-section elementor-element elementor-element-9ab4666 elementor-section-boxed elementor-section-height-default elementor-section-height-default\" data-id=\"9ab4666\" data-element_type=\"section\">\n\t\t\t\t\t\t<div class=\"elementor-container elementor-column-gap-default\">\n\t\t\t\t\t<div class=\"elementor-column elementor-col-50 elementor-top-column elementor-element elementor-element-1f8f1cd\" data-id=\"1f8f1cd\" data-element_type=\"column\">\n\t\t\t<div class=\"elementor-widget-wrap elementor-element-populated\">\n\t\t\t\t\t\t<div class=\"elementor-element elementor-element-f6a672c elementor-widget elementor-widget-image\" data-id=\"f6a672c\" data-element_type=\"widget\" data-widget_type=\"image.default\">\n\t\t\t\t<div class=\"elementor-widget-container\">\n\t\t\t\t\t\t\t\t\t\t\t\t\t<img fetchpriority=\"high\" width=\"600\" height=\"600\" src=\"https:\/\/ciplaci.com\/web\/wp-content\/uploads\/2019\/01\/Nelson.png\" class=\"attachment-large size-large wp-image-5820\" alt=\"\" srcset=\"https:\/\/ciplaci.com\/web\/wp-content\/uploads\/2019\/01\/Nelson.png 600w, https:\/\/ciplaci.com\/web\/wp-content\/uploads\/2019\/01\/Nelson-300x300.png 300w, https:\/\/ciplaci.com\/web\/wp-content\/uploads\/2019\/01\/Nelson-150x150.png 150w, https:\/\/ciplaci.com\/web\/wp-content\/uploads\/2019\/01\/Nelson-230x230.png 230w, https:\/\/ciplaci.com\/web\/wp-content\/uploads\/2019\/01\/Nelson-70x70.png 70w, https:\/\/ciplaci.com\/web\/wp-content\/uploads\/2019\/01\/Nelson-315x315.png 315w\" sizes=\"(max-width: 600px) 100vw, 600px\" \/>\t\t\t\t\t\t\t\t\t\t\t\t\t<\/div>\n\t\t\t\t<\/div>\n\t\t\t\t<div class=\"elementor-element elementor-element-0b31b9c elementor-widget elementor-widget-heading\" data-id=\"0b31b9c\" data-element_type=\"widget\" data-widget_type=\"heading.default\">\n\t\t\t\t<div class=\"elementor-widget-container\">\n\t\t\t<h2 class=\"elementor-heading-title elementor-size-default\">Dr. Nelson Rosario<\/h2>\t\t<\/div>\n\t\t\t\t<\/div>\n\t\t\t\t<div class=\"elementor-element elementor-element-b990bad elementor-widget elementor-widget-text-editor\" data-id=\"b990bad\" data-element_type=\"widget\" data-widget_type=\"text-editor.default\">\n\t\t\t\t<div class=\"elementor-widget-container\">\n\t\t\t\t\t\t\t<p style=\"text-align: center;\"><span style=\"font-weight: 400; color: #000000;\">Cirujano Pl\u00e1stico<\/span><\/p>\t\t\t\t\t\t<\/div>\n\t\t\t\t<\/div>\n\t\t\t\t\t<\/div>\n\t\t<\/div>\n\t\t\t\t<div class=\"elementor-column elementor-col-50 elementor-top-column elementor-element elementor-element-32f58f5\" data-id=\"32f58f5\" data-element_type=\"column\">\n\t\t\t<div class=\"elementor-widget-wrap elementor-element-populated\">\n\t\t\t\t\t\t<div class=\"elementor-element elementor-element-fe9714c elementor-widget elementor-widget-text-editor\" data-id=\"fe9714c\" data-element_type=\"widget\" data-widget_type=\"text-editor.default\">\n\t\t\t\t<div class=\"elementor-widget-container\">\n\t\t\t\t\t\t\t<p><span style=\"color: #000000;\">Tiene m\u00e1s de 20 a\u00f1os de experiencia como m\u00e9dico especialista en cirug\u00eda pl\u00e1stica y reconstructiva. Ejecutor del programa De reconstrucci\u00f3n en deformidades cong\u00e9nitas de labio y paladar hendido en Ciplaci. Profesor titular de la escuela nacional de residencia de cirug\u00eda pl\u00e1stica, Hospital Salvador B Gautier, Santo Domingo.<\/span><\/p><p><span style=\"color: #000000;\">Fue presidente del Colegio M\u00e9dico Dominicano Filial Duarte. Es Catedr\u00e1tico de la Escuela de Medicina de la Universidad Cat\u00f3lica Nordestana (UCNE) desde el a\u00f1o 2000; Conferencista en Congresos Nacionales e Internacionales de Cirug\u00eda Pl\u00e1stica.<\/span><\/p>\t\t\t\t\t\t<\/div>\n\t\t\t\t<\/div>\n\t\t\t\t<div class=\"elementor-element elementor-element-a7f6dab elementor-widget elementor-widget-video\" data-id=\"a7f6dab\" data-element_type=\"widget\" data-settings=\"{&quot;video_type&quot;:&quot;hosted&quot;,&quot;controls&quot;:&quot;yes&quot;}\" data-widget_type=\"video.default\">\n\t\t\t\t<div class=\"elementor-widget-container\">\n\t\t\t\t\t<div class=\"e-hosted-video elementor-wrapper elementor-open-inline\">\n\t\t\t\t\t<video class=\"elementor-video\" src=\"https:\/\/ciplaci.com\/web\/wp-content\/uploads\/2019\/01\/Dr.-Nelson-Rosario.m4v\" controls=\"\" preload=\"metadata\" controlsList=\"nodownload\"><\/video>\n\t\t\t\t<\/div>\n\t\t\t\t<\/div>\n\t\t\t\t<\/div>\n\t\t\t\t\t<\/div>\n\t\t<\/div>\n\t\t\t\t\t<\/div>\n\t\t<\/section>\n\t\t\t\t<\/div>\n\t\t","protected":false},"excerpt":{"rendered":"<p>Especialista Dr. Nelson Rosario Cirujano Pl\u00e1stico Tiene m\u00e1s de 20 a\u00f1os de experiencia como m\u00e9dico especialista en cirug\u00eda pl\u00e1stica y reconstructiva. Ejecutor del programa De reconstrucci\u00f3n en deformidades cong\u00e9nitas de labio y paladar hendido en Ciplaci. Profesor titular de la escuela nacional de residencia de cirug\u00eda pl\u00e1stica, Hospital Salvador B Gautier, Santo Domingo. Fue presidente&#8230;<\/p>\n","protected":false},"author":1,"featured_media":0,"parent":0,"menu_order":0,"comment_status":"closed","ping_status":"closed","template":"elementor_header_footer","meta":[],"_links":{"self":[{"href":"https:\/\/ciplaci.com\/web\/wp-json\/wp\/v2\/pages\/5849"}],"collection":[{"href":"https:\/\/ciplaci.com\/web\/wp-json\/wp\/v2\/pages"}],"about":[{"href":"https:\/\/ciplaci.com\/web\/wp-json\/wp\/v2\/types\/page"}],"author":[{"embeddable":true,"href":"https:\/\/ciplaci.com\/web\/wp-json\/wp\/v2\/users\/1"}],"replies":[{"embeddable":true,"href":"https:\/\/ciplaci.com\/web\/wp-json\/wp\/v2\/comments?post=5849"}],"version-history":[{"count":4,"href":"https:\/\/ciplaci.com\/web\/wp-json\/wp\/v2\/pages\/5849\/revisions"}],"predecessor-version":[{"id":6055,"href":"https:\/\/ciplaci.com\/web\/wp-json\/wp\/v2\/pages\/5849\/revisions\/6055"}],"wp:attachment":[{"href":"https:\/\/ciplaci.com\/web\/wp-json\/wp\/v2\/media?parent=5849"}],"curies":[{"name":"wp","href":"https:\/\/api.w.org\/{rel}","templated":true}]}}