{"id":5887,"date":"2022-09-23T08:30:58","date_gmt":"2022-09-23T08:30:58","guid":{"rendered":"https:\/\/ciplaci.com\/web\/?page_id=5887"},"modified":"2022-09-26T19:52:27","modified_gmt":"2022-09-26T19:52:27","slug":"dr-cristian-jose-ortiz-diaz","status":"publish","type":"page","link":"https:\/\/ciplaci.com\/web\/dr-cristian-jose-ortiz-diaz\/","title":{"rendered":"Dr. Cristian Jos\u00e9 Ort\u00edz D\u00edaz"},"content":{"rendered":"\t\t<div data-elementor-type=\"wp-page\" data-elementor-id=\"5887\" class=\"elementor elementor-5887\">\n\t\t\t\t\t\t<section class=\"elementor-section elementor-top-section elementor-element elementor-element-1feeabac elementor-section-full_width elementor-section-height-min-height elementor-section-stretched elementor-section-height-default elementor-section-items-middle\" data-id=\"1feeabac\" data-element_type=\"section\" data-settings=\"{&quot;stretch_section&quot;:&quot;section-stretched&quot;,&quot;background_background&quot;:&quot;classic&quot;}\">\n\t\t\t\t\t\t<div class=\"elementor-container elementor-column-gap-default\">\n\t\t\t\t\t<div class=\"elementor-column elementor-col-100 elementor-top-column elementor-element elementor-element-22893cef\" data-id=\"22893cef\" data-element_type=\"column\">\n\t\t\t<div class=\"elementor-widget-wrap elementor-element-populated\">\n\t\t\t\t\t\t<div class=\"elementor-element elementor-element-24355b8d elementor-widget elementor-widget-heading\" data-id=\"24355b8d\" data-element_type=\"widget\" data-widget_type=\"heading.default\">\n\t\t\t\t<div class=\"elementor-widget-container\">\n\t\t\t<h2 class=\"elementor-heading-title elementor-size-default\">Especialista<\/h2>\t\t<\/div>\n\t\t\t\t<\/div>\n\t\t\t\t\t<\/div>\n\t\t<\/div>\n\t\t\t\t\t<\/div>\n\t\t<\/section>\n\t\t\t\t<section class=\"elementor-section elementor-top-section elementor-element elementor-element-731fe86 elementor-section-boxed elementor-section-height-default elementor-section-height-default\" data-id=\"731fe86\" data-element_type=\"section\">\n\t\t\t\t\t\t<div class=\"elementor-container elementor-column-gap-default\">\n\t\t\t\t\t<div class=\"elementor-column elementor-col-50 elementor-top-column elementor-element elementor-element-57a9013\" data-id=\"57a9013\" data-element_type=\"column\">\n\t\t\t<div class=\"elementor-widget-wrap elementor-element-populated\">\n\t\t\t\t\t\t<div class=\"elementor-element elementor-element-4325a6f elementor-widget elementor-widget-image\" data-id=\"4325a6f\" data-element_type=\"widget\" data-widget_type=\"image.default\">\n\t\t\t\t<div class=\"elementor-widget-container\">\n\t\t\t\t\t\t\t\t\t\t\t\t\t<img fetchpriority=\"high\" width=\"315\" height=\"315\" src=\"https:\/\/ciplaci.com\/web\/wp-content\/uploads\/2022\/09\/cristian-315x315.png\" class=\"attachment-medilink-size315 size-medilink-size315 wp-image-5890\" alt=\"\" srcset=\"https:\/\/ciplaci.com\/web\/wp-content\/uploads\/2022\/09\/cristian-315x315.png 315w, https:\/\/ciplaci.com\/web\/wp-content\/uploads\/2022\/09\/cristian-300x300.png 300w, https:\/\/ciplaci.com\/web\/wp-content\/uploads\/2022\/09\/cristian-150x150.png 150w, https:\/\/ciplaci.com\/web\/wp-content\/uploads\/2022\/09\/cristian-230x230.png 230w, https:\/\/ciplaci.com\/web\/wp-content\/uploads\/2022\/09\/cristian-70x70.png 70w, https:\/\/ciplaci.com\/web\/wp-content\/uploads\/2022\/09\/cristian.png 600w\" sizes=\"(max-width: 315px) 100vw, 315px\" \/>\t\t\t\t\t\t\t\t\t\t\t\t\t<\/div>\n\t\t\t\t<\/div>\n\t\t\t\t<div class=\"elementor-element elementor-element-03bb456 elementor-widget elementor-widget-heading\" data-id=\"03bb456\" data-element_type=\"widget\" data-widget_type=\"heading.default\">\n\t\t\t\t<div class=\"elementor-widget-container\">\n\t\t\t<h2 class=\"elementor-heading-title elementor-size-default\">Dr. Cristian Jos\u00e9 Ort\u00edz D\u00edaz<\/h2>\t\t<\/div>\n\t\t\t\t<\/div>\n\t\t\t\t<div class=\"elementor-element elementor-element-78b088c elementor-widget elementor-widget-text-editor\" data-id=\"78b088c\" data-element_type=\"widget\" data-widget_type=\"text-editor.default\">\n\t\t\t\t<div class=\"elementor-widget-container\">\n\t\t\t\t\t\t\t<p style=\"text-align: center;\"><span style=\"font-weight: 400; color: #000000;\">Ginec\u00f3logo Obstetra<\/span><\/p>\t\t\t\t\t\t<\/div>\n\t\t\t\t<\/div>\n\t\t\t\t\t<\/div>\n\t\t<\/div>\n\t\t\t\t<div class=\"elementor-column elementor-col-50 elementor-top-column elementor-element elementor-element-c77197f\" data-id=\"c77197f\" data-element_type=\"column\">\n\t\t\t<div class=\"elementor-widget-wrap elementor-element-populated\">\n\t\t\t\t\t\t<div class=\"elementor-element elementor-element-9363eb2 elementor-widget elementor-widget-text-editor\" data-id=\"9363eb2\" data-element_type=\"widget\" data-widget_type=\"text-editor.default\">\n\t\t\t\t<div class=\"elementor-widget-container\">\n\t\t\t\t\t\t\t<p><span style=\"color: #000000;\"><span style=\"font-weight: 400;\">M\u00e1s de 30 a\u00f1os en el ejercicio de la medicina, 24 de ellos como ginec\u00f3logo obstetra, con altos \u00edndices de efectividad en los procedimientos de recanalizaci\u00f3n tubarica, cirug\u00eda del piso p\u00e9lvico, histerectom\u00eda vaginal y abdominal; vaginoplast\u00eda (perineoplast\u00eda, labioplast\u00eda) y dem\u00e1s procedimientos ginecol\u00f3gicos y obst\u00e9tricos.<\/span><span style=\"font-weight: 400;\"><br \/><\/span><span style=\"font-weight: 400;\"><br \/><\/span><span style=\"font-weight: 400;\">M\u00e9dico con posgrado en Ginecolog\u00eda y Obstetricia del Hospital Central de las FFAA, avalado por la Universidad Autonoma de Santo Domingo (UASD). Con entrenamiento en cirug\u00eda l\u00e1ser y vaginoplast\u00eda en la Universidad Paulista de Sao Paulo, Brasil. Pasado Presidente CMD, filial Duarte, 2017-2019. Actual presidente de la Sociedad De Ginecolog\u00eda y Obstetricia, filial Duarte, para el per\u00edodo 2021-2023. Jefe del Departamento de Obstetricia del Hospital Regional Universitario San Vicente de Paul durante el periodo 2017-2019, y actual jefe del Departamento de Ginecologia del mismo Hospital.<\/span><\/span><\/p>\t\t\t\t\t\t<\/div>\n\t\t\t\t<\/div>\n\t\t\t\t\t<\/div>\n\t\t<\/div>\n\t\t\t\t\t<\/div>\n\t\t<\/section>\n\t\t\t\t<\/div>\n\t\t","protected":false},"excerpt":{"rendered":"<p>Especialista Dr. Cristian Jos\u00e9 Ort\u00edz D\u00edaz Ginec\u00f3logo Obstetra M\u00e1s de 30 a\u00f1os en el ejercicio de la medicina, 24 de ellos como ginec\u00f3logo obstetra, con altos \u00edndices de efectividad en los procedimientos de recanalizaci\u00f3n tubarica, cirug\u00eda del piso p\u00e9lvico, histerectom\u00eda vaginal y abdominal; vaginoplast\u00eda (perineoplast\u00eda, labioplast\u00eda) y dem\u00e1s procedimientos ginecol\u00f3gicos y obst\u00e9tricos. M\u00e9dico con posgrado&#8230;<\/p>\n","protected":false},"author":1,"featured_media":0,"parent":0,"menu_order":0,"comment_status":"closed","ping_status":"closed","template":"elementor_header_footer","meta":[],"_links":{"self":[{"href":"https:\/\/ciplaci.com\/web\/wp-json\/wp\/v2\/pages\/5887"}],"collection":[{"href":"https:\/\/ciplaci.com\/web\/wp-json\/wp\/v2\/pages"}],"about":[{"href":"https:\/\/ciplaci.com\/web\/wp-json\/wp\/v2\/types\/page"}],"author":[{"embeddable":true,"href":"https:\/\/ciplaci.com\/web\/wp-json\/wp\/v2\/users\/1"}],"replies":[{"embeddable":true,"href":"https:\/\/ciplaci.com\/web\/wp-json\/wp\/v2\/comments?post=5887"}],"version-history":[{"count":4,"href":"https:\/\/ciplaci.com\/web\/wp-json\/wp\/v2\/pages\/5887\/revisions"}],"predecessor-version":[{"id":6070,"href":"https:\/\/ciplaci.com\/web\/wp-json\/wp\/v2\/pages\/5887\/revisions\/6070"}],"wp:attachment":[{"href":"https:\/\/ciplaci.com\/web\/wp-json\/wp\/v2\/media?parent=5887"}],"curies":[{"name":"wp","href":"https:\/\/api.w.org\/{rel}","templated":true}]}}