{"id":5905,"date":"2022-09-23T08:53:02","date_gmt":"2022-09-23T08:53:02","guid":{"rendered":"https:\/\/ciplaci.com\/web\/?page_id=5905"},"modified":"2022-09-26T19:57:54","modified_gmt":"2022-09-26T19:57:54","slug":"dr-jose-ernesto-safadit-castellanos","status":"publish","type":"page","link":"https:\/\/ciplaci.com\/web\/dr-jose-ernesto-safadit-castellanos\/","title":{"rendered":"Dr. Jos\u00e9 Ernesto Safadit Castellanos"},"content":{"rendered":"\t\t<div data-elementor-type=\"wp-page\" data-elementor-id=\"5905\" class=\"elementor elementor-5905\">\n\t\t\t\t\t\t<section class=\"elementor-section elementor-top-section elementor-element elementor-element-2e00fa7d elementor-section-full_width elementor-section-height-min-height elementor-section-stretched elementor-section-height-default elementor-section-items-middle\" data-id=\"2e00fa7d\" data-element_type=\"section\" data-settings=\"{&quot;stretch_section&quot;:&quot;section-stretched&quot;,&quot;background_background&quot;:&quot;classic&quot;}\">\n\t\t\t\t\t\t<div class=\"elementor-container elementor-column-gap-default\">\n\t\t\t\t\t<div class=\"elementor-column elementor-col-100 elementor-top-column elementor-element elementor-element-3b6bfa99\" data-id=\"3b6bfa99\" data-element_type=\"column\">\n\t\t\t<div class=\"elementor-widget-wrap elementor-element-populated\">\n\t\t\t\t\t\t<div class=\"elementor-element elementor-element-4c44480d elementor-widget elementor-widget-heading\" data-id=\"4c44480d\" data-element_type=\"widget\" data-widget_type=\"heading.default\">\n\t\t\t\t<div class=\"elementor-widget-container\">\n\t\t\t<h2 class=\"elementor-heading-title elementor-size-default\">Especialista<\/h2>\t\t<\/div>\n\t\t\t\t<\/div>\n\t\t\t\t\t<\/div>\n\t\t<\/div>\n\t\t\t\t\t<\/div>\n\t\t<\/section>\n\t\t\t\t<section class=\"elementor-section elementor-top-section elementor-element elementor-element-3360e58 elementor-section-boxed elementor-section-height-default elementor-section-height-default\" data-id=\"3360e58\" data-element_type=\"section\">\n\t\t\t\t\t\t<div class=\"elementor-container elementor-column-gap-default\">\n\t\t\t\t\t<div class=\"elementor-column elementor-col-50 elementor-top-column elementor-element elementor-element-933121e\" data-id=\"933121e\" data-element_type=\"column\">\n\t\t\t<div class=\"elementor-widget-wrap elementor-element-populated\">\n\t\t\t\t\t\t<div class=\"elementor-element elementor-element-a752cef elementor-widget elementor-widget-image\" data-id=\"a752cef\" data-element_type=\"widget\" data-widget_type=\"image.default\">\n\t\t\t\t<div class=\"elementor-widget-container\">\n\t\t\t\t\t\t\t\t\t\t\t\t\t<img fetchpriority=\"high\" width=\"600\" height=\"600\" src=\"https:\/\/ciplaci.com\/web\/wp-content\/uploads\/2022\/09\/Jose.png\" class=\"attachment-large size-large wp-image-5908\" alt=\"\" srcset=\"https:\/\/ciplaci.com\/web\/wp-content\/uploads\/2022\/09\/Jose.png 600w, https:\/\/ciplaci.com\/web\/wp-content\/uploads\/2022\/09\/Jose-300x300.png 300w, https:\/\/ciplaci.com\/web\/wp-content\/uploads\/2022\/09\/Jose-150x150.png 150w, https:\/\/ciplaci.com\/web\/wp-content\/uploads\/2022\/09\/Jose-230x230.png 230w, https:\/\/ciplaci.com\/web\/wp-content\/uploads\/2022\/09\/Jose-70x70.png 70w, https:\/\/ciplaci.com\/web\/wp-content\/uploads\/2022\/09\/Jose-315x315.png 315w\" sizes=\"(max-width: 600px) 100vw, 600px\" \/>\t\t\t\t\t\t\t\t\t\t\t\t\t<\/div>\n\t\t\t\t<\/div>\n\t\t\t\t<div class=\"elementor-element elementor-element-361f031 elementor-widget elementor-widget-heading\" data-id=\"361f031\" data-element_type=\"widget\" data-widget_type=\"heading.default\">\n\t\t\t\t<div class=\"elementor-widget-container\">\n\t\t\t<h2 class=\"elementor-heading-title elementor-size-default\">Dr. Jos\u00e9 Ernesto Safadit Castellanos<\/h2>\t\t<\/div>\n\t\t\t\t<\/div>\n\t\t\t\t<div class=\"elementor-element elementor-element-452feed elementor-widget elementor-widget-text-editor\" data-id=\"452feed\" data-element_type=\"widget\" data-widget_type=\"text-editor.default\">\n\t\t\t\t<div class=\"elementor-widget-container\">\n\t\t\t\t\t\t\t<p style=\"text-align: center;\"><span style=\"font-weight: 400; color: #000000;\">Cardi\u00f3logo \u2013 Ecocardiograf\u00eda<\/span><\/p>\t\t\t\t\t\t<\/div>\n\t\t\t\t<\/div>\n\t\t\t\t\t<\/div>\n\t\t<\/div>\n\t\t\t\t<div class=\"elementor-column elementor-col-50 elementor-top-column elementor-element elementor-element-43f0f75\" data-id=\"43f0f75\" data-element_type=\"column\">\n\t\t\t<div class=\"elementor-widget-wrap elementor-element-populated\">\n\t\t\t\t\t\t<div class=\"elementor-element elementor-element-c7d7799 elementor-widget elementor-widget-text-editor\" data-id=\"c7d7799\" data-element_type=\"widget\" data-widget_type=\"text-editor.default\">\n\t\t\t\t<div class=\"elementor-widget-container\">\n\t\t\t\t\t\t\t<p><span style=\"color: #000000;\"><span style=\"font-weight: 400;\">Graduado de Doctor en medicina en la Universidad Cat\u00f3lica Nordestana en 1984; Realiz\u00f3 Post-grado de Medicina Interna y Cardiolog\u00eda en el Hospital Dr. Salvador B. Gautier y Sub &#8211; especialidad en ecocardiograf\u00eda en el Instituto de Cardiolog\u00eda \u00abDr. Ignacio Ch\u00e1vez, M\u00e9xico. D. F\u00bb.<\/span><span style=\"font-weight: 400;\"><br \/><\/span><span style=\"font-weight: 400;\"><br \/><\/span><span style=\"font-weight: 400;\">Es exponente y participante en m\u00faltiples congresos, ha realizado trabajos publicados en distintos medios, revistas y libros. Ha formado parte de seminarios, simposios, charlas, mesas redondas y entrevistas. Es miembro del Colegio M\u00e9dico Dominicano, de la Sociedad Dominicana de Cardiolog\u00eda, del SIBIC Internacional y del Colegio Americano de Cardiolog\u00eda.<\/span><\/span><\/p>\t\t\t\t\t\t<\/div>\n\t\t\t\t<\/div>\n\t\t\t\t\t<\/div>\n\t\t<\/div>\n\t\t\t\t\t<\/div>\n\t\t<\/section>\n\t\t\t\t<\/div>\n\t\t","protected":false},"excerpt":{"rendered":"<p>Especialista Dr. Jos\u00e9 Ernesto Safadit Castellanos Cardi\u00f3logo \u2013 Ecocardiograf\u00eda Graduado de Doctor en medicina en la Universidad Cat\u00f3lica Nordestana en 1984; Realiz\u00f3 Post-grado de Medicina Interna y Cardiolog\u00eda en el Hospital Dr. Salvador B. Gautier y Sub &#8211; especialidad en ecocardiograf\u00eda en el Instituto de Cardiolog\u00eda \u00abDr. Ignacio Ch\u00e1vez, M\u00e9xico. D. F\u00bb. Es exponente y&#8230;<\/p>\n","protected":false},"author":1,"featured_media":0,"parent":0,"menu_order":0,"comment_status":"closed","ping_status":"closed","template":"elementor_header_footer","meta":[],"_links":{"self":[{"href":"https:\/\/ciplaci.com\/web\/wp-json\/wp\/v2\/pages\/5905"}],"collection":[{"href":"https:\/\/ciplaci.com\/web\/wp-json\/wp\/v2\/pages"}],"about":[{"href":"https:\/\/ciplaci.com\/web\/wp-json\/wp\/v2\/types\/page"}],"author":[{"embeddable":true,"href":"https:\/\/ciplaci.com\/web\/wp-json\/wp\/v2\/users\/1"}],"replies":[{"embeddable":true,"href":"https:\/\/ciplaci.com\/web\/wp-json\/wp\/v2\/comments?post=5905"}],"version-history":[{"count":4,"href":"https:\/\/ciplaci.com\/web\/wp-json\/wp\/v2\/pages\/5905\/revisions"}],"predecessor-version":[{"id":6080,"href":"https:\/\/ciplaci.com\/web\/wp-json\/wp\/v2\/pages\/5905\/revisions\/6080"}],"wp:attachment":[{"href":"https:\/\/ciplaci.com\/web\/wp-json\/wp\/v2\/media?parent=5905"}],"curies":[{"name":"wp","href":"https:\/\/api.w.org\/{rel}","templated":true}]}}